{"id":9725,"date":"2025-11-11T16:14:21","date_gmt":"2025-11-11T16:14:21","guid":{"rendered":"https:\/\/www.beyonics.com\/?page_id=9725"},"modified":"2025-11-11T16:14:52","modified_gmt":"2025-11-11T16:14:52","slug":"beyonics-singapore-esite","status":"publish","type":"page","link":"https:\/\/www.beyonics.com\/fi\/beyonics-singapore-brochure\/","title":{"rendered":"Beyonics Singaporen esite"},"content":{"rendered":"\t\t<div data-elementor-type=\"wp-page\" data-elementor-id=\"9725\" class=\"elementor elementor-9725\">\n\t\t\t\t\t\t<section class=\"elementor-section elementor-top-section elementor-element elementor-element-a506bc2 elementor-section-full_width elementor-section-height-min-height elementor-section-height-default elementor-section-items-middle\" data-id=\"a506bc2\" data-element_type=\"section\" data-e-type=\"section\" data-settings=\"{&quot;background_background&quot;:&quot;classic&quot;}\">\n\t\t\t\t\t\t\t<div class=\"elementor-background-overlay\"><\/div>\n\t\t\t\t\t\t\t<div class=\"elementor-container elementor-column-gap-default\">\n\t\t\t\t\t<div class=\"lqd-css-sticky-column elementor-column elementor-col-100 elementor-top-column elementor-element elementor-element-225c55a\" style=\"--lqd-sticky-offset:30px\" data-id=\"225c55a\" data-element_type=\"column\" data-e-type=\"column\">\n\t\t\t<div class=\"elementor-widget-wrap elementor-element-populated\">\n\t\t\t\t\t\t<div class=\"elementor-element elementor-element-69802c5 elementor-widget elementor-widget-hub_fancy_heading\" data-id=\"69802c5\" data-element_type=\"widget\" data-e-type=\"widget\" data-widget_type=\"hub_fancy_heading.default\">\n\t\t\t\t<div class=\"elementor-widget-container\">\n\t\t\t\t\t\n\t\t<div id=\"ld-fancy-heading-69d26ad9e5f16\" class=\"ld-fancy-heading pos-rel\">\n\t\t\t<h1 class=\"ld-fh-element d-inline-block pos-rel  elementor-heading-title lqd-highlight-classic lqd-highlight-grow-left h1\"  > Beyonics Singapore Brochure<\/h1>\t\t<\/div>\n\n\t\t\t\t\t\t<\/div>\n\t\t\t\t<\/div>\n\t\t\t\t<div class=\"elementor-element elementor-element-5607ac0 elementor-widget-divider--view-line elementor-widget elementor-widget-divider\" data-id=\"5607ac0\" data-element_type=\"widget\" data-e-type=\"widget\" data-widget_type=\"divider.default\">\n\t\t\t\t<div class=\"elementor-widget-container\">\n\t\t\t\t\t\t\t<div class=\"elementor-divider\">\n\t\t\t<span class=\"elementor-divider-separator\">\n\t\t\t\t\t\t<\/span>\n\t\t<\/div>\n\t\t\t\t\t\t<\/div>\n\t\t\t\t<\/div>\n\t\t\t\t\t<\/div>\n\t\t<\/div>\n\t\t\t\t\t<\/div>\n\t\t<\/section>\n\t\t\t\t<section data-section-luminosity=\"light\" class=\"elementor-section elementor-top-section elementor-element elementor-element-aeb9483 elementor-section-boxed elementor-section-height-default elementor-section-height-default\" data-id=\"aeb9483\" data-element_type=\"section\" data-e-type=\"section\" data-settings=\"{&quot;background_background&quot;:&quot;gradient&quot;}\">\n\t\t\t\t\t\t<div class=\"elementor-container elementor-column-gap-extended\">\n\t\t\t\t\t<div data-custom-animations=\"true\" data-ca-options=\"{&quot;addChildTimelines&quot;:false,&quot;animationTarget&quot;:&quot;:scope &gt; .elementor-widget-wrap &gt; .elementor-element &gt; .elementor-widget-container, :scope &gt; .elementor-widget-wrap &gt; .elementor-section &gt; .elementor-container &gt; .elementor-column &gt; .elementor-widget-wrap &gt; .elementor-element:not(.lqd-el-has-inner-anim) &gt; .elementor-widget-container, :scope &gt; .elementor-widget-wrap &gt; .elementor-widget-hub_fancy_heading .lqd-split-lines .lqd-lines .split-inner, :scope &gt; .elementor-widget-wrap &gt; .elementor-widget-hub_fancy_heading .lqd-split-words .lqd-words .split-inner, :scope &gt; .elementor-widget-wrap &gt; .elementor-widget-hub_fancy_heading .lqd-split-chars .lqd-chars .split-inner, :scope &gt; .elementor-widget-wrap &gt; .elementor-widget-ld_custom_menu .lqd-fancy-menu &gt; ul &gt; li&quot;,&quot;ease&quot;:[&quot;power4.out&quot;],&quot;initValues&quot;:{&quot;x&quot;:&quot;30px&quot;,&quot;y&quot;:&quot;30px&quot;,&quot;opacity&quot;:0},&quot;animations&quot;:{&quot;x&quot;:&quot;0px&quot;,&quot;y&quot;:&quot;0px&quot;,&quot;opacity&quot;:1}}\" class=\"elementor-column elementor-col-50 elementor-top-column elementor-element elementor-element-6a38228\" data-id=\"6a38228\" data-element_type=\"column\" data-e-type=\"column\">\n\t\t\t<div class=\"elementor-widget-wrap elementor-element-populated\">\n\t\t\t\t\t\t<div class=\"elementor-element elementor-element-566313f elementor-widget elementor-widget-spacer\" data-id=\"566313f\" data-element_type=\"widget\" data-e-type=\"widget\" data-widget_type=\"spacer.default\">\n\t\t\t\t<div class=\"elementor-widget-container\">\n\t\t\t\t\t\t\t<div class=\"elementor-spacer\">\n\t\t\t<div class=\"elementor-spacer-inner\"><\/div>\n\t\t<\/div>\n\t\t\t\t\t\t<\/div>\n\t\t\t\t<\/div>\n\t\t\t\t<div class=\"elementor-element elementor-element-126d3de elementor-widget elementor-widget-html\" data-id=\"126d3de\" data-element_type=\"widget\" data-e-type=\"widget\" data-widget_type=\"html.default\">\n\t\t\t\t<div class=\"elementor-widget-container\">\n\t\t\t\t\t<!DOCTYPE html>\n<html>\n\n\n<style>\n    .pdf {\n        width: 100%;\n        aspect-ratio: 4 \/ 3;\n    }\n    .pdf,\n    html,\n    body {\n        height: 100%;\n        margin: 0;\n        padding: 0;\n    }\n\n<\/style>\n\n<body>\n        \n        <iframe class=\"pdf\" \n                src=\n\"https:\/\/www.beyonics.com\/wp-content\/uploads\/2025\/11\/Beyonics-HQ_Oct-25.pdf\"\n            width=\"800\" height=\"800\">\n        <\/iframe>\n<\/body>\n\n<\/html>\t\t\t\t<\/div>\n\t\t\t\t<\/div>\n\t\t\t\t\t<\/div>\n\t\t<\/div>\n\t\t\t\t\t<\/div>\n\t\t<\/section>\n\t\t\t\t<section data-custom-animations=\"true\" data-ca-options=\"{&quot;addChildTimelines&quot;:false,&quot;animationTarget&quot;:&quot;:scope &gt; .elementor-container &gt; .elementor-column&quot;,&quot;ease&quot;:[&quot;power4.out&quot;],&quot;initValues&quot;:{&quot;opacity&quot;:0},&quot;animations&quot;:{&quot;opacity&quot;:1}}\" class=\"elementor-section elementor-top-section elementor-element elementor-element-9829c75 elementor-section-boxed elementor-section-height-default elementor-section-height-default\" data-id=\"9829c75\" data-element_type=\"section\" data-e-type=\"section\" data-settings=\"{&quot;background_background&quot;:&quot;classic&quot;}\">\n\t\t\t\t\t\t<div class=\"elementor-container elementor-column-gap-no\">\n\t\t\t\t\t<div class=\"elementor-column elementor-col-100 elementor-top-column elementor-element elementor-element-df450b6\" data-id=\"df450b6\" data-element_type=\"column\" data-e-type=\"column\">\n\t\t\t<div class=\"elementor-widget-wrap elementor-element-populated\">\n\t\t\t\t\t\t<section data-custom-animations=\"true\" data-ca-options=\"{&quot;addChildTimelines&quot;:false,&quot;animationTarget&quot;:&quot;:scope &gt; .elementor-container &gt; .elementor-column&quot;,&quot;ease&quot;:[&quot;power4.out&quot;],&quot;initValues&quot;:{&quot;opacity&quot;:0,&quot;translateY&quot;:150},&quot;animations&quot;:{&quot;opacity&quot;:1,&quot;translateY&quot;:0}}\" class=\"elementor-section elementor-inner-section elementor-element elementor-element-4c72921 elementor-section-boxed elementor-section-height-default elementor-section-height-default\" data-id=\"4c72921\" data-element_type=\"section\" data-e-type=\"section\">\n\t\t\t\t\t\t<div class=\"elementor-container elementor-column-gap-default\">\n\t\t\t\t\t<div class=\"elementor-column elementor-col-100 elementor-inner-column elementor-element elementor-element-949b100\" data-id=\"949b100\" data-element_type=\"column\" data-e-type=\"column\">\n\t\t\t<div class=\"elementor-widget-wrap elementor-element-populated\">\n\t\t\t\t\t\t<div class=\"elementor-element elementor-element-407be33 elementor-widget elementor-widget-hub_fancy_heading\" data-id=\"407be33\" data-element_type=\"widget\" data-e-type=\"widget\" data-widget_type=\"hub_fancy_heading.default\">\n\t\t\t\t<div class=\"elementor-widget-container\">\n\t\t\t\t\t\n\t\t<div id=\"ld-fancy-heading-69d26ad9e662f\" class=\"ld-fancy-heading pos-rel\">\n\t\t\t<h1 class=\"ld-fh-element d-inline-block pos-rel  elementor-heading-title lqd-highlight-classic lqd-highlight-grow-left h1\"  > Get in Touch<\/h1>\t\t<\/div>\n\n\t\t\t\t\t\t<\/div>\n\t\t\t\t<\/div>\n\t\t\t\t<div class=\"elementor-element elementor-element-4cf2ff3 elementor-widget elementor-widget-hub_fancy_heading\" data-id=\"4cf2ff3\" data-element_type=\"widget\" data-e-type=\"widget\" data-widget_type=\"hub_fancy_heading.default\">\n\t\t\t\t<div class=\"elementor-widget-container\">\n\t\t\t\t\t\n\t\t<div id=\"ld-fancy-heading-69d26ad9e6b8b\" class=\"ld-fancy-heading pos-rel\">\n\t\t\t<p class=\"ld-fh-element d-inline-block pos-rel  lqd-highlight-classic lqd-highlight-grow-left p\"  > Through a unique combination of engineering, construction and design disciplines and expertise.<\/p>\t\t<\/div>\n\n\t\t\t\t\t\t<\/div>\n\t\t\t\t<\/div>\n\t\t\t\t\t<\/div>\n\t\t<\/div>\n\t\t\t\t\t<\/div>\n\t\t<\/section>\n\t\t\t\t\t<\/div>\n\t\t<\/div>\n\t\t\t\t<div class=\"elementor-column elementor-col-100 elementor-top-column elementor-element elementor-element-89367b0\" data-id=\"89367b0\" data-element_type=\"column\" data-e-type=\"column\">\n\t\t\t<div class=\"elementor-widget-wrap elementor-element-populated\">\n\t\t\t\t\t\t<div class=\"elementor-element elementor-element-fdbe907 elementor-widget elementor-widget-ld_cf722\" data-id=\"fdbe907\" data-element_type=\"widget\" data-e-type=\"widget\" data-widget_type=\"ld_cf722.default\">\n\t\t\t\t<div class=\"elementor-widget-container\">\n\t\t\t\t\t\n\t<div class=\"lqd-contact-form lqd-contact-form-inputs-underlined lqd-contact-form-inputs-border-thick lqd-contact-form-button-block lqd-contact-form-button-lg lqd-contact-form-inputs-sm\" >\n\t\t\n<div class=\"wpcf7 no-js\" id=\"wpcf7-f8193-o1\" lang=\"en-US\" dir=\"ltr\" data-wpcf7-id=\"8193\">\n<div class=\"screen-reader-response\"><p role=\"status\" aria-live=\"polite\" aria-atomic=\"true\"><\/p> <ul><\/ul><\/div>\n<form action=\"\/fi\/wp-json\/wp\/v2\/pages\/9725#wpcf7-f8193-o1\" method=\"post\" class=\"wpcf7-form init\" aria-label=\"Contact form\" novalidate=\"novalidate\" data-status=\"init\">\n<fieldset class=\"hidden-fields-container\"><input type=\"hidden\" name=\"_wpcf7\" value=\"8193\" \/><input type=\"hidden\" name=\"_wpcf7_version\" value=\"6.1.5\" \/><input type=\"hidden\" name=\"_wpcf7_locale\" value=\"en_US\" \/><input type=\"hidden\" name=\"_wpcf7_unit_tag\" value=\"wpcf7-f8193-o1\" \/><input type=\"hidden\" name=\"_wpcf7_container_post\" value=\"0\" \/><input type=\"hidden\" name=\"_wpcf7_posted_data_hash\" value=\"\" \/><input type=\"hidden\" name=\"_wpcf7_recaptcha_response\" value=\"\" \/>\n<\/fieldset>\n<p><span class=\"wpcf7-form-control-wrap\" data-name=\"your-name\"><input size=\"40\" maxlength=\"400\" class=\"wpcf7-form-control wpcf7-text wpcf7-validates-as-required\" aria-required=\"true\" aria-invalid=\"false\" placeholder=\"Name\" value=\"\" type=\"text\" name=\"your-name\" \/><\/span>\n<\/p>\n<p><span class=\"wpcf7-form-control-wrap\" data-name=\"your-email\"><input size=\"40\" maxlength=\"400\" class=\"wpcf7-form-control wpcf7-email wpcf7-validates-as-required wpcf7-text wpcf7-validates-as-email\" aria-required=\"true\" aria-invalid=\"false\" placeholder=\"Email Address\" value=\"\" type=\"email\" name=\"your-email\" \/><\/span>\n<\/p>\n<p><span class=\"wpcf7-form-control-wrap\" data-name=\"your-message\"><textarea cols=\"10\" rows=\"3\" maxlength=\"2000\" class=\"wpcf7-form-control wpcf7-textarea\" aria-invalid=\"false\" placeholder=\"Message\" name=\"your-message\"><\/textarea><\/span>\n<\/p>\n<p><input class=\"wpcf7-form-control wpcf7-submit has-spinner\" type=\"submit\" value=\"Send a message\" \/>\n<\/p><div class=\"wpcf7-response-output\" aria-hidden=\"true\"><\/div>\n<\/form>\n<\/div>\n\t<\/div>\n\n\t\t\t\t\t<\/div>\n\t\t\t\t<\/div>\n\t\t\t\t\t<\/div>\n\t\t<\/div>\n\t\t\t\t\t<\/div>\n\t\t<\/section>\n\t\t\t\t<\/div>\n\t\t","protected":false},"excerpt":{"rendered":"<p>Beyonics Singapore Esite Ota yhteytt\u00e4 Ainutlaatuinen yhdistelm\u00e4 insin\u00f6\u00f6ri-, rakennus- ja suunnittelualoja sek\u00e4 asiantuntemusta.<\/p>","protected":false},"author":101,"featured_media":0,"parent":0,"menu_order":0,"comment_status":"closed","ping_status":"closed","template":"","meta":{"footnotes":""},"class_list":["post-9725","page","type-page","status-publish","hentry"],"yoast_head":"<!-- This site is optimized with the Yoast SEO plugin v27.3 - https:\/\/yoast.com\/product\/yoast-seo-wordpress\/ -->\n<title>Beyonics Singapore Brochure - Beyonics Advanced Precision Engineering<\/title>\n<meta name=\"robots\" content=\"index, follow, max-snippet:-1, max-image-preview:large, max-video-preview:-1\" \/>\n<link rel=\"canonical\" href=\"https:\/\/www.beyonics.com\/fi\/beyonics-singapore-esite\/\" \/>\n<meta property=\"og:locale\" content=\"fi_FI\" \/>\n<meta property=\"og:type\" content=\"article\" \/>\n<meta property=\"og:title\" content=\"Beyonics Singapore Brochure - Beyonics Advanced Precision Engineering\" \/>\n<meta property=\"og:description\" content=\"Beyonics Singapore Brochure Get in Touch Through a unique combination of engineering, construction and design disciplines and expertise.\" \/>\n<meta property=\"og:url\" content=\"https:\/\/www.beyonics.com\/fi\/beyonics-singapore-esite\/\" \/>\n<meta property=\"og:site_name\" content=\"Beyonics Advanced Precision Engineering\" \/>\n<meta property=\"article:modified_time\" content=\"2025-11-11T16:14:52+00:00\" \/>\n<meta name=\"twitter:card\" content=\"summary_large_image\" \/>\n<meta name=\"twitter:label1\" content=\"Est. reading time\" \/>\n\t<meta name=\"twitter:data1\" content=\"1 minuutti\" \/>\n<script type=\"application\/ld+json\" class=\"yoast-schema-graph\">{\"@context\":\"https:\\\/\\\/schema.org\",\"@graph\":[{\"@type\":\"WebPage\",\"@id\":\"https:\\\/\\\/www.beyonics.com\\\/beyonics-singapore-brochure\\\/\",\"url\":\"https:\\\/\\\/www.beyonics.com\\\/beyonics-singapore-brochure\\\/\",\"name\":\"Beyonics Singapore Brochure - Beyonics Advanced Precision Engineering\",\"isPartOf\":{\"@id\":\"https:\\\/\\\/www.beyonics.com\\\/zh\\\/#website\"},\"breadcrumb\":{\"@id\":\"https:\\\/\\\/www.beyonics.com\\\/beyonics-singapore-brochure\\\/#breadcrumb\"},\"inLanguage\":\"fi\",\"potentialAction\":[{\"@type\":\"ReadAction\",\"target\":[\"https:\\\/\\\/www.beyonics.com\\\/beyonics-singapore-brochure\\\/\"]}]},{\"@type\":\"BreadcrumbList\",\"@id\":\"https:\\\/\\\/www.beyonics.com\\\/beyonics-singapore-brochure\\\/#breadcrumb\",\"itemListElement\":[{\"@type\":\"ListItem\",\"position\":1,\"name\":\"Home\",\"item\":\"https:\\\/\\\/www.beyonics.com\\\/\"},{\"@type\":\"ListItem\",\"position\":2,\"name\":\"Beyonics Singapore Brochure\"}]},{\"@type\":\"WebSite\",\"@id\":\"https:\\\/\\\/www.beyonics.com\\\/zh\\\/#website\",\"url\":\"https:\\\/\\\/www.beyonics.com\\\/zh\\\/\",\"name\":\"Beyonics Advanced Precision Engineering\",\"description\":\"Advanced Precision Engineering\",\"publisher\":{\"@id\":\"https:\\\/\\\/www.beyonics.com\\\/zh\\\/#organization\"},\"potentialAction\":[{\"@type\":\"SearchAction\",\"target\":{\"@type\":\"EntryPoint\",\"urlTemplate\":\"https:\\\/\\\/www.beyonics.com\\\/zh\\\/?s={search_term_string}\"},\"query-input\":{\"@type\":\"PropertyValueSpecification\",\"valueRequired\":true,\"valueName\":\"search_term_string\"}}],\"inLanguage\":\"fi\"},{\"@type\":\"Organization\",\"@id\":\"https:\\\/\\\/www.beyonics.com\\\/zh\\\/#organization\",\"name\":\"Beyonics\",\"url\":\"https:\\\/\\\/www.beyonics.com\\\/zh\\\/\",\"logo\":{\"@type\":\"ImageObject\",\"inLanguage\":\"fi\",\"@id\":\"https:\\\/\\\/www.beyonics.com\\\/zh\\\/#\\\/schema\\\/logo\\\/image\\\/\",\"url\":\"https:\\\/\\\/www.beyonics.com\\\/wp-content\\\/uploads\\\/2022\\\/05\\\/logo-1.png\",\"contentUrl\":\"https:\\\/\\\/www.beyonics.com\\\/wp-content\\\/uploads\\\/2022\\\/05\\\/logo-1.png\",\"width\":260,\"height\":71,\"caption\":\"Beyonics\"},\"image\":{\"@id\":\"https:\\\/\\\/www.beyonics.com\\\/zh\\\/#\\\/schema\\\/logo\\\/image\\\/\"}}]}<\/script>\n<!-- \/ Yoast SEO plugin. -->","yoast_head_json":{"title":"Beyonics Singaporen esite \u2013 Beyonics Edistynyt tarkkuustekniikka","robots":{"index":"index","follow":"follow","max-snippet":"max-snippet:-1","max-image-preview":"max-image-preview:large","max-video-preview":"max-video-preview:-1"},"canonical":"https:\/\/www.beyonics.com\/fi\/beyonics-singapore-esite\/","og_locale":"fi_FI","og_type":"article","og_title":"Beyonics Singapore Brochure - Beyonics Advanced Precision Engineering","og_description":"Beyonics Singapore Brochure Get in Touch Through a unique combination of engineering, construction and design disciplines and expertise.","og_url":"https:\/\/www.beyonics.com\/fi\/beyonics-singapore-esite\/","og_site_name":"Beyonics Advanced Precision Engineering","article_modified_time":"2025-11-11T16:14:52+00:00","twitter_card":"summary_large_image","twitter_misc":{"Est. reading time":"1 minuutti"},"schema":{"@context":"https:\/\/schema.org","@graph":[{"@type":"WebPage","@id":"https:\/\/www.beyonics.com\/beyonics-singapore-brochure\/","url":"https:\/\/www.beyonics.com\/beyonics-singapore-brochure\/","name":"Beyonics Singaporen esite \u2013 Beyonics Edistynyt tarkkuustekniikka","isPartOf":{"@id":"https:\/\/www.beyonics.com\/zh\/#website"},"breadcrumb":{"@id":"https:\/\/www.beyonics.com\/beyonics-singapore-brochure\/#breadcrumb"},"inLanguage":"fi","potentialAction":[{"@type":"ReadAction","target":["https:\/\/www.beyonics.com\/beyonics-singapore-brochure\/"]}]},{"@type":"BreadcrumbList","@id":"https:\/\/www.beyonics.com\/beyonics-singapore-brochure\/#breadcrumb","itemListElement":[{"@type":"ListItem","position":1,"name":"Home","item":"https:\/\/www.beyonics.com\/"},{"@type":"ListItem","position":2,"name":"Beyonics Singapore Brochure"}]},{"@type":"WebSite","@id":"https:\/\/www.beyonics.com\/zh\/#website","url":"https:\/\/www.beyonics.com\/zh\/","name":"Beyonics Advanced Precision Engineering","description":"Advanced Precision Engineering","publisher":{"@id":"https:\/\/www.beyonics.com\/zh\/#organization"},"potentialAction":[{"@type":"SearchAction","target":{"@type":"EntryPoint","urlTemplate":"https:\/\/www.beyonics.com\/zh\/?s={search_term_string}"},"query-input":{"@type":"PropertyValueSpecification","valueRequired":true,"valueName":"search_term_string"}}],"inLanguage":"fi"},{"@type":"Organization","@id":"https:\/\/www.beyonics.com\/zh\/#organization","name":"Beyonics","url":"https:\/\/www.beyonics.com\/zh\/","logo":{"@type":"ImageObject","inLanguage":"fi","@id":"https:\/\/www.beyonics.com\/zh\/#\/schema\/logo\/image\/","url":"https:\/\/www.beyonics.com\/wp-content\/uploads\/2022\/05\/logo-1.png","contentUrl":"https:\/\/www.beyonics.com\/wp-content\/uploads\/2022\/05\/logo-1.png","width":260,"height":71,"caption":"Beyonics"},"image":{"@id":"https:\/\/www.beyonics.com\/zh\/#\/schema\/logo\/image\/"}}]}},"_links":{"self":[{"href":"https:\/\/www.beyonics.com\/fi\/wp-json\/wp\/v2\/pages\/9725","targetHints":{"allow":["GET"]}}],"collection":[{"href":"https:\/\/www.beyonics.com\/fi\/wp-json\/wp\/v2\/pages"}],"about":[{"href":"https:\/\/www.beyonics.com\/fi\/wp-json\/wp\/v2\/types\/page"}],"author":[{"embeddable":true,"href":"https:\/\/www.beyonics.com\/fi\/wp-json\/wp\/v2\/users\/101"}],"replies":[{"embeddable":true,"href":"https:\/\/www.beyonics.com\/fi\/wp-json\/wp\/v2\/comments?post=9725"}],"version-history":[{"count":0,"href":"https:\/\/www.beyonics.com\/fi\/wp-json\/wp\/v2\/pages\/9725\/revisions"}],"wp:attachment":[{"href":"https:\/\/www.beyonics.com\/fi\/wp-json\/wp\/v2\/media?parent=9725"}],"curies":[{"name":"wp","href":"https:\/\/api.w.org\/{rel}","templated":true}]}}